{"id":14238,"date":"2024-10-29T09:53:58","date_gmt":"2024-10-29T08:53:58","guid":{"rendered":"https:\/\/www.acquaeco.com\/certificaciones\/"},"modified":"2025-09-30T12:48:33","modified_gmt":"2025-09-30T10:48:33","slug":"certificaciones","status":"publish","type":"page","link":"https:\/\/www.acquaeco.com\/es\/certificaciones\/","title":{"rendered":"Certificaciones"},"content":{"rendered":"\t\t<div data-elementor-type=\"wp-page\" data-elementor-id=\"14238\" class=\"elementor elementor-14238 elementor-14057\" data-elementor-post-type=\"page\">\n\t\t\t\t\t\t<section class=\"elementor-section elementor-top-section elementor-element elementor-element-24576dcd elementor-section-stretched elementor-section-boxed elementor-section-height-default elementor-section-height-default\" data-id=\"24576dcd\" data-element_type=\"section\" data-settings=\"{&quot;stretch_section&quot;:&quot;section-stretched&quot;,&quot;ekit_has_onepagescroll_dot&quot;:&quot;yes&quot;}\">\n\t\t\t\t\t\t<div class=\"elementor-container elementor-column-gap-default\">\n\t\t\t\t\t<div class=\"elementor-column elementor-col-100 elementor-top-column elementor-element elementor-element-5e3bfa41\" data-id=\"5e3bfa41\" data-element_type=\"column\">\n\t\t\t<div class=\"elementor-widget-wrap elementor-element-populated\">\n\t\t\t\t\t\t<div class=\"elementor-element elementor-element-7abb00ba custom-title elementor-widget elementor-widget-heading\" data-id=\"7abb00ba\" data-element_type=\"widget\" data-settings=\"{&quot;ekit_we_effect_on&quot;:&quot;none&quot;}\" data-widget_type=\"heading.default\">\n\t\t\t\t<div class=\"elementor-widget-container\">\n\t\t\t<h2 class=\"elementor-heading-title elementor-size-default\">Nuestras <span style=\"color: #01AEEF\">certificaciones<\/span><\/h2>\t\t<\/div>\n\t\t\t\t<\/div>\n\t\t\t\t<div class=\"elementor-element elementor-element-6d279d5 elementor-widget elementor-widget-text-editor\" data-id=\"6d279d5\" data-element_type=\"widget\" data-settings=\"{&quot;ekit_we_effect_on&quot;:&quot;none&quot;}\" data-widget_type=\"text-editor.default\">\n\t\t\t\t<div class=\"elementor-widget-container\">\n\t\t\t\t\t\t\t<p>Para Acqua&amp;Co, la calidad y la confiabilidad son fundamentales en los sectores de purificaci\u00f3n de agua, acuicultura y sistemas de tratamiento h\u00eddrico. Nuestras certificaciones reflejan un compromiso constante con los m\u00e1s altos est\u00e1ndares de gesti\u00f3n y seguridad. Estas certificaciones garantizan que nuestros procesos de instalaci\u00f3n, mantenimiento y venta de circuitos y motores para la purificaci\u00f3n de agua cumplan con las mejores normativas internacionales, ofreciendo a nuestros clientes un servicio avanzado y conforme.<\/p>\n\t\t\t\t\t\t<\/div>\n\t\t\t\t<\/div>\n\t\t\t\t\t<\/div>\n\t\t<\/div>\n\t\t\t\t\t<\/div>\n\t\t<\/section>\n\t\t\t\t<section class=\"elementor-section elementor-top-section elementor-element elementor-element-2959a148 elementor-section-stretched elementor-section-boxed elementor-section-height-default elementor-section-height-default\" data-id=\"2959a148\" data-element_type=\"section\" data-settings=\"{&quot;stretch_section&quot;:&quot;section-stretched&quot;,&quot;ekit_has_onepagescroll_dot&quot;:&quot;yes&quot;}\">\n\t\t\t\t\t\t<div class=\"elementor-container elementor-column-gap-default\">\n\t\t\t\t\t<div class=\"elementor-column elementor-col-33 elementor-top-column elementor-element elementor-element-63fae22\" data-id=\"63fae22\" data-element_type=\"column\">\n\t\t\t<div class=\"elementor-widget-wrap elementor-element-populated\">\n\t\t\t\t\t\t<div class=\"elementor-element elementor-element-7d85cb65 elementor-widget elementor-widget-image\" data-id=\"7d85cb65\" data-element_type=\"widget\" data-settings=\"{&quot;ekit_we_effect_on&quot;:&quot;none&quot;}\" data-widget_type=\"image.default\">\n\t\t\t\t<div class=\"elementor-widget-container\">\n\t\t\t\t\t\t\t\t\t\t\t\t\t<img fetchpriority=\"high\" decoding=\"async\" width=\"512\" height=\"512\" src=\"https:\/\/www.acquaeco.com\/wp-content\/uploads\/2024\/10\/Iso-9001.png\" class=\"attachment-large size-large wp-image-14050\" alt=\"\" srcset=\"https:\/\/www.acquaeco.com\/wp-content\/uploads\/2024\/10\/Iso-9001.png 512w, https:\/\/www.acquaeco.com\/wp-content\/uploads\/2024\/10\/Iso-9001-300x300.png 300w, https:\/\/www.acquaeco.com\/wp-content\/uploads\/2024\/10\/Iso-9001-150x150.png 150w, https:\/\/www.acquaeco.com\/wp-content\/uploads\/2024\/10\/Iso-9001-450x450.png 450w\" sizes=\"(max-width: 512px) 100vw, 512px\" \/>\t\t\t\t\t\t\t\t\t\t\t\t\t<\/div>\n\t\t\t\t<\/div>\n\t\t\t\t\t<\/div>\n\t\t<\/div>\n\t\t\t\t<div class=\"elementor-column elementor-col-33 elementor-top-column elementor-element elementor-element-53721f60\" data-id=\"53721f60\" data-element_type=\"column\">\n\t\t\t<div class=\"elementor-widget-wrap elementor-element-populated\">\n\t\t\t\t\t\t<div class=\"elementor-element elementor-element-142d16b3 elementor-widget elementor-widget-image\" data-id=\"142d16b3\" data-element_type=\"widget\" data-settings=\"{&quot;ekit_we_effect_on&quot;:&quot;none&quot;}\" data-widget_type=\"image.default\">\n\t\t\t\t<div class=\"elementor-widget-container\">\n\t\t\t\t\t\t\t\t\t\t\t\t\t<img decoding=\"async\" width=\"512\" height=\"512\" src=\"https:\/\/www.acquaeco.com\/wp-content\/uploads\/2024\/10\/Iqnet-Certificazione.png\" class=\"attachment-large size-large wp-image-14053\" alt=\"\" srcset=\"https:\/\/www.acquaeco.com\/wp-content\/uploads\/2024\/10\/Iqnet-Certificazione.png 512w, https:\/\/www.acquaeco.com\/wp-content\/uploads\/2024\/10\/Iqnet-Certificazione-300x300.png 300w, https:\/\/www.acquaeco.com\/wp-content\/uploads\/2024\/10\/Iqnet-Certificazione-150x150.png 150w, https:\/\/www.acquaeco.com\/wp-content\/uploads\/2024\/10\/Iqnet-Certificazione-450x450.png 450w\" sizes=\"(max-width: 512px) 100vw, 512px\" \/>\t\t\t\t\t\t\t\t\t\t\t\t\t<\/div>\n\t\t\t\t<\/div>\n\t\t\t\t\t<\/div>\n\t\t<\/div>\n\t\t\t\t<div class=\"elementor-column elementor-col-33 elementor-top-column elementor-element elementor-element-62784a63\" data-id=\"62784a63\" data-element_type=\"column\">\n\t\t\t<div class=\"elementor-widget-wrap elementor-element-populated\">\n\t\t\t\t\t\t<div class=\"elementor-element elementor-element-2ff9c6f3 elementor-widget elementor-widget-image\" data-id=\"2ff9c6f3\" data-element_type=\"widget\" data-settings=\"{&quot;ekit_we_effect_on&quot;:&quot;none&quot;}\" data-widget_type=\"image.default\">\n\t\t\t\t<div class=\"elementor-widget-container\">\n\t\t\t\t\t\t\t\t\t\t\t\t\t<img decoding=\"async\" width=\"512\" height=\"512\" src=\"https:\/\/www.acquaeco.com\/wp-content\/uploads\/2024\/10\/Icim.png\" class=\"attachment-large size-large wp-image-14044\" alt=\"\" srcset=\"https:\/\/www.acquaeco.com\/wp-content\/uploads\/2024\/10\/Icim.png 512w, https:\/\/www.acquaeco.com\/wp-content\/uploads\/2024\/10\/Icim-300x300.png 300w, https:\/\/www.acquaeco.com\/wp-content\/uploads\/2024\/10\/Icim-150x150.png 150w, https:\/\/www.acquaeco.com\/wp-content\/uploads\/2024\/10\/Icim-450x450.png 450w\" sizes=\"(max-width: 512px) 100vw, 512px\" \/>\t\t\t\t\t\t\t\t\t\t\t\t\t<\/div>\n\t\t\t\t<\/div>\n\t\t\t\t\t<\/div>\n\t\t<\/div>\n\t\t\t\t\t<\/div>\n\t\t<\/section>\n\t\t\t\t<\/div>\n\t\t","protected":false},"excerpt":{"rendered":"<p>Nuestras certificaciones Para Acqua&amp;Co, la calidad y la confiabilidad son fundamentales en los sectores de purificaci\u00f3n de agua, acuicultura y sistemas de tratamiento h\u00eddrico. Nuestras certificaciones reflejan un compromiso constante con los m\u00e1s altos est\u00e1ndares de gesti\u00f3n y seguridad. Estas certificaciones garantizan que nuestros procesos de instalaci\u00f3n, mantenimiento y venta de circuitos y motores para&#8230;<\/p>\n","protected":false},"author":2,"featured_media":0,"parent":0,"menu_order":0,"comment_status":"closed","ping_status":"closed","template":"elementor_theme","meta":{"_acf_changed":false,"footnotes":""},"class_list":{"0":"post-14238","1":"page","2":"type-page","3":"status-publish","4":"hentry","5":"nt-post-class","6":"","10":"thumb-none","12":"excerpt-none"},"acf":[],"yoast_head":"<!-- This site is optimized with the Yoast SEO plugin v25.3.1 - https:\/\/yoast.com\/wordpress\/plugins\/seo\/ -->\n<title>Certificaciones de gesti\u00f3n y seguridad | Acqua&amp;Co<\/title>\n<meta name=\"description\" content=\"Nuestras certificaciones avalan la venta, la instalaci\u00f3n y el mantenimiento de sistemas de depuraci\u00f3n de aguas de acuerdo con las normativas vigentes.\" \/>\n<meta name=\"robots\" content=\"index, follow, max-snippet:-1, max-image-preview:large, max-video-preview:-1\" \/>\n<link rel=\"canonical\" href=\"https:\/\/www.acquaeco.com\/es\/certificaciones\/\" \/>\n<meta property=\"og:locale\" content=\"es_ES\" \/>\n<meta property=\"og:type\" content=\"article\" \/>\n<meta property=\"og:title\" content=\"Certificaciones de gesti\u00f3n y seguridad | Acqua&amp;Co\" \/>\n<meta property=\"og:description\" content=\"Nuestras certificaciones avalan la venta, la instalaci\u00f3n y el mantenimiento de sistemas de depuraci\u00f3n de aguas de acuerdo con las normativas vigentes.\" \/>\n<meta property=\"og:url\" content=\"https:\/\/www.acquaeco.com\/es\/certificaciones\/\" \/>\n<meta property=\"og:site_name\" content=\"ACQUA&amp;CO\" \/>\n<meta property=\"article:publisher\" content=\"https:\/\/www.facebook.com\/Acquaeco\" \/>\n<meta property=\"article:modified_time\" content=\"2025-09-30T10:48:33+00:00\" \/>\n<meta property=\"og:image\" content=\"https:\/\/www.acquaeco.com\/wp-content\/uploads\/2024\/10\/Iso-9001.png\" \/>\n<meta name=\"twitter:card\" content=\"summary_large_image\" \/>\n<meta name=\"twitter:label1\" content=\"Tiempo de lectura\" \/>\n\t<meta name=\"twitter:data1\" content=\"1 minuto\" \/>\n<script type=\"application\/ld+json\" class=\"yoast-schema-graph\">{\"@context\":\"https:\/\/schema.org\",\"@graph\":[{\"@type\":\"WebPage\",\"@id\":\"https:\/\/www.acquaeco.com\/es\/certificaciones\/\",\"url\":\"https:\/\/www.acquaeco.com\/es\/certificaciones\/\",\"name\":\"Certificaciones de gesti\u00f3n y seguridad | Acqua&Co\",\"isPartOf\":{\"@id\":\"https:\/\/www.acquaeco.com\/es\/#website\"},\"primaryImageOfPage\":{\"@id\":\"https:\/\/www.acquaeco.com\/es\/certificaciones\/#primaryimage\"},\"image\":{\"@id\":\"https:\/\/www.acquaeco.com\/es\/certificaciones\/#primaryimage\"},\"thumbnailUrl\":\"https:\/\/www.acquaeco.com\/wp-content\/uploads\/2024\/10\/Iso-9001.png\",\"datePublished\":\"2024-10-29T08:53:58+00:00\",\"dateModified\":\"2025-09-30T10:48:33+00:00\",\"description\":\"Nuestras certificaciones avalan la venta, la instalaci\u00f3n y el mantenimiento de sistemas de depuraci\u00f3n de aguas de acuerdo con las normativas vigentes.\",\"breadcrumb\":{\"@id\":\"https:\/\/www.acquaeco.com\/es\/certificaciones\/#breadcrumb\"},\"inLanguage\":\"es\",\"potentialAction\":[{\"@type\":\"ReadAction\",\"target\":[\"https:\/\/www.acquaeco.com\/es\/certificaciones\/\"]}]},{\"@type\":\"ImageObject\",\"inLanguage\":\"es\",\"@id\":\"https:\/\/www.acquaeco.com\/es\/certificaciones\/#primaryimage\",\"url\":\"https:\/\/www.acquaeco.com\/wp-content\/uploads\/2024\/10\/Iso-9001.png\",\"contentUrl\":\"https:\/\/www.acquaeco.com\/wp-content\/uploads\/2024\/10\/Iso-9001.png\"},{\"@type\":\"BreadcrumbList\",\"@id\":\"https:\/\/www.acquaeco.com\/es\/certificaciones\/#breadcrumb\",\"itemListElement\":[{\"@type\":\"ListItem\",\"position\":1,\"name\":\"Home\",\"item\":\"https:\/\/www.acquaeco.com\/es\/\"},{\"@type\":\"ListItem\",\"position\":2,\"name\":\"Certificaciones\"}]},{\"@type\":\"WebSite\",\"@id\":\"https:\/\/www.acquaeco.com\/es\/#website\",\"url\":\"https:\/\/www.acquaeco.com\/es\/\",\"name\":\"ACQUA&amp;CO\",\"description\":\"Soluzioni Innovative per il Trattamento delle Acque\",\"publisher\":{\"@id\":\"https:\/\/www.acquaeco.com\/es\/#organization\"},\"potentialAction\":[{\"@type\":\"SearchAction\",\"target\":{\"@type\":\"EntryPoint\",\"urlTemplate\":\"https:\/\/www.acquaeco.com\/es\/?s={search_term_string}\"},\"query-input\":{\"@type\":\"PropertyValueSpecification\",\"valueRequired\":true,\"valueName\":\"search_term_string\"}}],\"inLanguage\":\"es\"},{\"@type\":\"Organization\",\"@id\":\"https:\/\/www.acquaeco.com\/es\/#organization\",\"name\":\"ACQUA&amp;CO\",\"url\":\"https:\/\/www.acquaeco.com\/es\/\",\"logo\":{\"@type\":\"ImageObject\",\"inLanguage\":\"es\",\"@id\":\"https:\/\/www.acquaeco.com\/es\/#\/schema\/logo\/image\/\",\"url\":\"https:\/\/www.acquaeco.com\/wp-content\/uploads\/2022\/02\/logo_acquaeco2x.png\",\"contentUrl\":\"https:\/\/www.acquaeco.com\/wp-content\/uploads\/2022\/02\/logo_acquaeco2x.png\",\"width\":400,\"height\":142,\"caption\":\"ACQUA&amp;CO\"},\"image\":{\"@id\":\"https:\/\/www.acquaeco.com\/es\/#\/schema\/logo\/image\/\"},\"sameAs\":[\"https:\/\/www.facebook.com\/Acquaeco\",\"https:\/\/www.youtube.com\/user\/AcquaecoChannel\",\"https:\/\/www.linkedin.com\/company\/aquaecosrl\/\"]}]}<\/script>\n<!-- \/ Yoast SEO plugin. -->","yoast_head_json":{"title":"Certificaciones de gesti\u00f3n y seguridad | Acqua&Co","description":"Nuestras certificaciones avalan la venta, la instalaci\u00f3n y el mantenimiento de sistemas de depuraci\u00f3n de aguas de acuerdo con las normativas vigentes.","robots":{"index":"index","follow":"follow","max-snippet":"max-snippet:-1","max-image-preview":"max-image-preview:large","max-video-preview":"max-video-preview:-1"},"canonical":"https:\/\/www.acquaeco.com\/es\/certificaciones\/","og_locale":"es_ES","og_type":"article","og_title":"Certificaciones de gesti\u00f3n y seguridad | Acqua&Co","og_description":"Nuestras certificaciones avalan la venta, la instalaci\u00f3n y el mantenimiento de sistemas de depuraci\u00f3n de aguas de acuerdo con las normativas vigentes.","og_url":"https:\/\/www.acquaeco.com\/es\/certificaciones\/","og_site_name":"ACQUA&amp;CO","article_publisher":"https:\/\/www.facebook.com\/Acquaeco","article_modified_time":"2025-09-30T10:48:33+00:00","og_image":[{"url":"https:\/\/www.acquaeco.com\/wp-content\/uploads\/2024\/10\/Iso-9001.png","type":"","width":"","height":""}],"twitter_card":"summary_large_image","twitter_misc":{"Tiempo de lectura":"1 minuto"},"schema":{"@context":"https:\/\/schema.org","@graph":[{"@type":"WebPage","@id":"https:\/\/www.acquaeco.com\/es\/certificaciones\/","url":"https:\/\/www.acquaeco.com\/es\/certificaciones\/","name":"Certificaciones de gesti\u00f3n y seguridad | Acqua&Co","isPartOf":{"@id":"https:\/\/www.acquaeco.com\/es\/#website"},"primaryImageOfPage":{"@id":"https:\/\/www.acquaeco.com\/es\/certificaciones\/#primaryimage"},"image":{"@id":"https:\/\/www.acquaeco.com\/es\/certificaciones\/#primaryimage"},"thumbnailUrl":"https:\/\/www.acquaeco.com\/wp-content\/uploads\/2024\/10\/Iso-9001.png","datePublished":"2024-10-29T08:53:58+00:00","dateModified":"2025-09-30T10:48:33+00:00","description":"Nuestras certificaciones avalan la venta, la instalaci\u00f3n y el mantenimiento de sistemas de depuraci\u00f3n de aguas de acuerdo con las normativas vigentes.","breadcrumb":{"@id":"https:\/\/www.acquaeco.com\/es\/certificaciones\/#breadcrumb"},"inLanguage":"es","potentialAction":[{"@type":"ReadAction","target":["https:\/\/www.acquaeco.com\/es\/certificaciones\/"]}]},{"@type":"ImageObject","inLanguage":"es","@id":"https:\/\/www.acquaeco.com\/es\/certificaciones\/#primaryimage","url":"https:\/\/www.acquaeco.com\/wp-content\/uploads\/2024\/10\/Iso-9001.png","contentUrl":"https:\/\/www.acquaeco.com\/wp-content\/uploads\/2024\/10\/Iso-9001.png"},{"@type":"BreadcrumbList","@id":"https:\/\/www.acquaeco.com\/es\/certificaciones\/#breadcrumb","itemListElement":[{"@type":"ListItem","position":1,"name":"Home","item":"https:\/\/www.acquaeco.com\/es\/"},{"@type":"ListItem","position":2,"name":"Certificaciones"}]},{"@type":"WebSite","@id":"https:\/\/www.acquaeco.com\/es\/#website","url":"https:\/\/www.acquaeco.com\/es\/","name":"ACQUA&amp;CO","description":"Soluzioni Innovative per il Trattamento delle Acque","publisher":{"@id":"https:\/\/www.acquaeco.com\/es\/#organization"},"potentialAction":[{"@type":"SearchAction","target":{"@type":"EntryPoint","urlTemplate":"https:\/\/www.acquaeco.com\/es\/?s={search_term_string}"},"query-input":{"@type":"PropertyValueSpecification","valueRequired":true,"valueName":"search_term_string"}}],"inLanguage":"es"},{"@type":"Organization","@id":"https:\/\/www.acquaeco.com\/es\/#organization","name":"ACQUA&amp;CO","url":"https:\/\/www.acquaeco.com\/es\/","logo":{"@type":"ImageObject","inLanguage":"es","@id":"https:\/\/www.acquaeco.com\/es\/#\/schema\/logo\/image\/","url":"https:\/\/www.acquaeco.com\/wp-content\/uploads\/2022\/02\/logo_acquaeco2x.png","contentUrl":"https:\/\/www.acquaeco.com\/wp-content\/uploads\/2022\/02\/logo_acquaeco2x.png","width":400,"height":142,"caption":"ACQUA&amp;CO"},"image":{"@id":"https:\/\/www.acquaeco.com\/es\/#\/schema\/logo\/image\/"},"sameAs":["https:\/\/www.facebook.com\/Acquaeco","https:\/\/www.youtube.com\/user\/AcquaecoChannel","https:\/\/www.linkedin.com\/company\/aquaecosrl\/"]}]}},"_links":{"self":[{"href":"https:\/\/www.acquaeco.com\/es\/wp-json\/wp\/v2\/pages\/14238","targetHints":{"allow":["GET"]}}],"collection":[{"href":"https:\/\/www.acquaeco.com\/es\/wp-json\/wp\/v2\/pages"}],"about":[{"href":"https:\/\/www.acquaeco.com\/es\/wp-json\/wp\/v2\/types\/page"}],"author":[{"embeddable":true,"href":"https:\/\/www.acquaeco.com\/es\/wp-json\/wp\/v2\/users\/2"}],"replies":[{"embeddable":true,"href":"https:\/\/www.acquaeco.com\/es\/wp-json\/wp\/v2\/comments?post=14238"}],"version-history":[{"count":2,"href":"https:\/\/www.acquaeco.com\/es\/wp-json\/wp\/v2\/pages\/14238\/revisions"}],"predecessor-version":[{"id":14880,"href":"https:\/\/www.acquaeco.com\/es\/wp-json\/wp\/v2\/pages\/14238\/revisions\/14880"}],"wp:attachment":[{"href":"https:\/\/www.acquaeco.com\/es\/wp-json\/wp\/v2\/media?parent=14238"}],"curies":[{"name":"wp","href":"https:\/\/api.w.org\/{rel}","templated":true}]}}